{"id":16546,"date":"2014-10-06T20:42:45","date_gmt":"2014-10-06T19:42:45","guid":{"rendered":"http:\/\/www.mariefrancecournoyer.com\/?page_id=16546"},"modified":"2018-04-06T19:02:00","modified_gmt":"2018-04-06T18:02:00","slug":"projets","status":"publish","type":"page","link":"https:\/\/www.mariefrancecournoyer.com\/?page_id=16546","title":{"rendered":"PROJETS"},"content":{"rendered":"<div    class=\"vc_row wpb_row section vc_row-fluid\" style=' text-align:left;'><div class=\" full_section_inner clearfix\">\n\t<div class=\"vc_col-sm-12 wpb_column vc_column_container\">\n\t\t<div class=\"wpb_wrapper\">\n\t\t\t<div class='projects_holder_outer v3 portfolio_no_space portfolio_with_hover_text '><div class='projects_holder clearfix v3 hover_text no_space'>\n<article class='mix '><div class='image_holder'><a class='portfolio_link_for_touch' href='https:\/\/www.mariefrancecournoyer.com\/?portfolio_page=cest-tout' target='_self'><span class='image'><img loading=\"lazy\" decoding=\"async\" width=\"1109\" height=\"1109\" src=\"https:\/\/www.mariefrancecournoyer.com\/wp-content\/uploads\/2023\/06\/06.Cest-tout_detail-copie-1.jpg\" class=\"attachment-full size-full wp-post-image\" alt=\"\" srcset=\"https:\/\/www.mariefrancecournoyer.com\/wp-content\/uploads\/2023\/06\/06.Cest-tout_detail-copie-1.jpg 1109w, https:\/\/www.mariefrancecournoyer.com\/wp-content\/uploads\/2023\/06\/06.Cest-tout_detail-copie-1-300x300.jpg 300w, https:\/\/www.mariefrancecournoyer.com\/wp-content\/uploads\/2023\/06\/06.Cest-tout_detail-copie-1-1024x1024.jpg 1024w, https:\/\/www.mariefrancecournoyer.com\/wp-content\/uploads\/2023\/06\/06.Cest-tout_detail-copie-1-150x150.jpg 150w, https:\/\/www.mariefrancecournoyer.com\/wp-content\/uploads\/2023\/06\/06.Cest-tout_detail-copie-1-768x768.jpg 768w, https:\/\/www.mariefrancecournoyer.com\/wp-content\/uploads\/2023\/06\/06.Cest-tout_detail-copie-1-570x570.jpg 570w, https:\/\/www.mariefrancecournoyer.com\/wp-content\/uploads\/2023\/06\/06.Cest-tout_detail-copie-1-500x500.jpg 500w, https:\/\/www.mariefrancecournoyer.com\/wp-content\/uploads\/2023\/06\/06.Cest-tout_detail-copie-1-1000x1000.jpg 1000w, https:\/\/www.mariefrancecournoyer.com\/wp-content\/uploads\/2023\/06\/06.Cest-tout_detail-copie-1-700x700.jpg 700w\" sizes=\"auto, (max-width: 1109px) 100vw, 1109px\" \/><\/span><\/a><span class='text_holder'><span class='text_outer'><span class='text_inner'><div class=\"hover_feature_holder_title\"><div class=\"hover_feature_holder_title_inner\"><h5 class=\"portfolio_title\"><a href=\"https:\/\/www.mariefrancecournoyer.com\/?portfolio_page=cest-tout\" target=\"_self\">C&rsquo;est tout<\/a><\/h5><span class=\"project_category\"><\/span><\/div><\/div><span class='feature_holder'><span class=\"feature_holder_icons\"><a class='preview qbutton small white' href='https:\/\/www.mariefrancecournoyer.com\/?portfolio_page=cest-tout' target='_self'>voir le projet<\/a><\/span><\/span><\/span><\/span><\/span><\/div><\/article>\n<article class='mix '><div class='image_holder'><a class='portfolio_link_for_touch' href='https:\/\/www.mariefrancecournoyer.com\/?portfolio_page=terrain-prive-ou-un-neant-a-soi' target='_self'><span class='image'><img loading=\"lazy\" decoding=\"async\" width=\"351\" height=\"351\" src=\"https:\/\/www.mariefrancecournoyer.com\/wp-content\/uploads\/2019\/12\/sans_miniature4.png\" class=\"attachment-full size-full wp-post-image\" alt=\"\" srcset=\"https:\/\/www.mariefrancecournoyer.com\/wp-content\/uploads\/2019\/12\/sans_miniature4.png 351w, https:\/\/www.mariefrancecournoyer.com\/wp-content\/uploads\/2019\/12\/sans_miniature4-150x150.png 150w, https:\/\/www.mariefrancecournoyer.com\/wp-content\/uploads\/2019\/12\/sans_miniature4-300x300.png 300w\" sizes=\"auto, (max-width: 351px) 100vw, 351px\" \/><\/span><\/a><span class='text_holder'><span class='text_outer'><span class='text_inner'><div class=\"hover_feature_holder_title\"><div class=\"hover_feature_holder_title_inner\"><h5 class=\"portfolio_title\"><a href=\"https:\/\/www.mariefrancecournoyer.com\/?portfolio_page=terrain-prive-ou-un-neant-a-soi\" target=\"_self\">Terrain Priv\u00e9 ou un n\u00e9ant \u00e0 soi<\/a><\/h5><span class=\"project_category\"><\/span><\/div><\/div><span class='feature_holder'><span class=\"feature_holder_icons\"><a class='preview qbutton small white' href='https:\/\/www.mariefrancecournoyer.com\/?portfolio_page=terrain-prive-ou-un-neant-a-soi' target='_self'>voir le projet<\/a><\/span><\/span><\/span><\/span><\/span><\/div><\/article>\n<article class='mix '><div class='image_holder'><a class='portfolio_link_for_touch' href='https:\/\/www.mariefrancecournoyer.com\/?portfolio_page=ouse' target='_self'><span class='image'><img loading=\"lazy\" decoding=\"async\" width=\"351\" height=\"351\" src=\"https:\/\/www.mariefrancecournoyer.com\/wp-content\/uploads\/2018\/04\/ouse_miniature3.png\" class=\"attachment-full size-full wp-post-image\" alt=\"\" srcset=\"https:\/\/www.mariefrancecournoyer.com\/wp-content\/uploads\/2018\/04\/ouse_miniature3.png 351w, https:\/\/www.mariefrancecournoyer.com\/wp-content\/uploads\/2018\/04\/ouse_miniature3-150x150.png 150w, https:\/\/www.mariefrancecournoyer.com\/wp-content\/uploads\/2018\/04\/ouse_miniature3-300x300.png 300w\" sizes=\"auto, (max-width: 351px) 100vw, 351px\" \/><\/span><\/a><span class='text_holder'><span class='text_outer'><span class='text_inner'><div class=\"hover_feature_holder_title\"><div class=\"hover_feature_holder_title_inner\"><h5 class=\"portfolio_title\"><a href=\"https:\/\/www.mariefrancecournoyer.com\/?portfolio_page=ouse\" target=\"_self\">Ouse<\/a><\/h5><span class=\"project_category\"><\/span><\/div><\/div><span class='feature_holder'><span class=\"feature_holder_icons\"><a class='preview qbutton small white' href='https:\/\/www.mariefrancecournoyer.com\/?portfolio_page=ouse' target='_self'>voir le projet<\/a><\/span><\/span><\/span><\/span><\/span><\/div><\/article>\n<article class='mix '><div class='image_holder'><a class='portfolio_link_for_touch' href='https:\/\/www.mariefrancecournoyer.com\/?portfolio_page=revers' target='_self'><span class='image'><img loading=\"lazy\" decoding=\"async\" width=\"351\" height=\"351\" src=\"https:\/\/www.mariefrancecournoyer.com\/wp-content\/uploads\/2014\/10\/Revers_miniature.jpg\" class=\"attachment-full size-full wp-post-image\" alt=\"\" srcset=\"https:\/\/www.mariefrancecournoyer.com\/wp-content\/uploads\/2014\/10\/Revers_miniature.jpg 351w, https:\/\/www.mariefrancecournoyer.com\/wp-content\/uploads\/2014\/10\/Revers_miniature-150x150.jpg 150w, https:\/\/www.mariefrancecournoyer.com\/wp-content\/uploads\/2014\/10\/Revers_miniature-300x300.jpg 300w\" sizes=\"auto, (max-width: 351px) 100vw, 351px\" \/><\/span><\/a><span class='text_holder'><span class='text_outer'><span class='text_inner'><div class=\"hover_feature_holder_title\"><div class=\"hover_feature_holder_title_inner\"><h5 class=\"portfolio_title\"><a href=\"https:\/\/www.mariefrancecournoyer.com\/?portfolio_page=revers\" target=\"_self\">REVERS<\/a><\/h5><span class=\"project_category\"><\/span><\/div><\/div><span class='feature_holder'><span class=\"feature_holder_icons\"><a class='preview qbutton small white' href='https:\/\/www.mariefrancecournoyer.com\/?portfolio_page=revers' target='_self'>voir le projet<\/a><\/span><\/span><\/span><\/span><\/span><\/div><\/article>\n<article class='mix '><div class='image_holder'><a class='portfolio_link_for_touch' href='https:\/\/www.mariefrancecournoyer.com\/?portfolio_page=his-head-is-a-little-interior' target='_self'><span class='image'><img loading=\"lazy\" decoding=\"async\" width=\"351\" height=\"351\" src=\"https:\/\/www.mariefrancecournoyer.com\/wp-content\/uploads\/2014\/10\/heasis_miniature.jpg\" class=\"attachment-full size-full wp-post-image\" alt=\"\" srcset=\"https:\/\/www.mariefrancecournoyer.com\/wp-content\/uploads\/2014\/10\/heasis_miniature.jpg 351w, https:\/\/www.mariefrancecournoyer.com\/wp-content\/uploads\/2014\/10\/heasis_miniature-150x150.jpg 150w, https:\/\/www.mariefrancecournoyer.com\/wp-content\/uploads\/2014\/10\/heasis_miniature-300x300.jpg 300w\" sizes=\"auto, (max-width: 351px) 100vw, 351px\" \/><\/span><\/a><span class='text_holder'><span class='text_outer'><span class='text_inner'><div class=\"hover_feature_holder_title\"><div class=\"hover_feature_holder_title_inner\"><h5 class=\"portfolio_title\"><a href=\"https:\/\/www.mariefrancecournoyer.com\/?portfolio_page=his-head-is-a-little-interior\" target=\"_self\">HIS HEAD IS A LITTLE INTERIOR<\/a><\/h5><span class=\"project_category\"><\/span><\/div><\/div><span class='feature_holder'><span class=\"feature_holder_icons\"><a class='preview qbutton small white' href='https:\/\/www.mariefrancecournoyer.com\/?portfolio_page=his-head-is-a-little-interior' target='_self'>voir le projet<\/a><\/span><\/span><\/span><\/span><\/span><\/div><\/article>\n<article class='mix '><div class='image_holder'><a class='portfolio_link_for_touch' href='https:\/\/www.mariefrancecournoyer.com\/?portfolio_page=exit' target='_self'><span class='image'><img loading=\"lazy\" decoding=\"async\" width=\"351\" height=\"351\" src=\"https:\/\/www.mariefrancecournoyer.com\/wp-content\/uploads\/2014\/10\/Exit_miniature.jpg\" class=\"attachment-full size-full wp-post-image\" alt=\"\" srcset=\"https:\/\/www.mariefrancecournoyer.com\/wp-content\/uploads\/2014\/10\/Exit_miniature.jpg 351w, https:\/\/www.mariefrancecournoyer.com\/wp-content\/uploads\/2014\/10\/Exit_miniature-150x150.jpg 150w, https:\/\/www.mariefrancecournoyer.com\/wp-content\/uploads\/2014\/10\/Exit_miniature-300x300.jpg 300w\" sizes=\"auto, (max-width: 351px) 100vw, 351px\" \/><\/span><\/a><span class='text_holder'><span class='text_outer'><span class='text_inner'><div class=\"hover_feature_holder_title\"><div class=\"hover_feature_holder_title_inner\"><h5 class=\"portfolio_title\"><a href=\"https:\/\/www.mariefrancecournoyer.com\/?portfolio_page=exit\" target=\"_self\">EXIT<\/a><\/h5><span class=\"project_category\"><\/span><\/div><\/div><span class='feature_holder'><span class=\"feature_holder_icons\"><a class='preview qbutton small white' href='https:\/\/www.mariefrancecournoyer.com\/?portfolio_page=exit' target='_self'>voir le projet<\/a><\/span><\/span><\/span><\/span><\/span><\/div><\/article>\n<article class='mix '><div class='image_holder'><a class='portfolio_link_for_touch' href='https:\/\/www.mariefrancecournoyer.com\/?portfolio_page=cage' target='_self'><span class='image'><img loading=\"lazy\" decoding=\"async\" width=\"351\" height=\"351\" src=\"https:\/\/www.mariefrancecournoyer.com\/wp-content\/uploads\/2014\/10\/CAGE_miniatur.jpg\" class=\"attachment-full size-full wp-post-image\" alt=\"\" srcset=\"https:\/\/www.mariefrancecournoyer.com\/wp-content\/uploads\/2014\/10\/CAGE_miniatur.jpg 351w, https:\/\/www.mariefrancecournoyer.com\/wp-content\/uploads\/2014\/10\/CAGE_miniatur-150x150.jpg 150w, https:\/\/www.mariefrancecournoyer.com\/wp-content\/uploads\/2014\/10\/CAGE_miniatur-300x300.jpg 300w\" sizes=\"auto, (max-width: 351px) 100vw, 351px\" \/><\/span><\/a><span class='text_holder'><span class='text_outer'><span class='text_inner'><div class=\"hover_feature_holder_title\"><div class=\"hover_feature_holder_title_inner\"><h5 class=\"portfolio_title\"><a href=\"https:\/\/www.mariefrancecournoyer.com\/?portfolio_page=cage\" target=\"_self\">CAGE<\/a><\/h5><span class=\"project_category\"><\/span><\/div><\/div><span class='feature_holder'><span class=\"feature_holder_icons\"><a class='preview qbutton small white' href='https:\/\/www.mariefrancecournoyer.com\/?portfolio_page=cage' target='_self'>voir le projet<\/a><\/span><\/span><\/span><\/span><\/span><\/div><\/article>\n<article class='mix '><div class='image_holder'><a class='portfolio_link_for_touch' href='https:\/\/www.mariefrancecournoyer.com\/?portfolio_page=autour-dun-vide-un-rond' target='_self'><span class='image'><img loading=\"lazy\" decoding=\"async\" width=\"351\" height=\"351\" src=\"https:\/\/www.mariefrancecournoyer.com\/wp-content\/uploads\/2014\/10\/AUTOUR_miniature.jpg\" class=\"attachment-full size-full wp-post-image\" alt=\"\" srcset=\"https:\/\/www.mariefrancecournoyer.com\/wp-content\/uploads\/2014\/10\/AUTOUR_miniature.jpg 351w, https:\/\/www.mariefrancecournoyer.com\/wp-content\/uploads\/2014\/10\/AUTOUR_miniature-150x150.jpg 150w, https:\/\/www.mariefrancecournoyer.com\/wp-content\/uploads\/2014\/10\/AUTOUR_miniature-300x300.jpg 300w\" sizes=\"auto, (max-width: 351px) 100vw, 351px\" \/><\/span><\/a><span class='text_holder'><span class='text_outer'><span class='text_inner'><div class=\"hover_feature_holder_title\"><div class=\"hover_feature_holder_title_inner\"><h5 class=\"portfolio_title\"><a href=\"https:\/\/www.mariefrancecournoyer.com\/?portfolio_page=autour-dun-vide-un-rond\" target=\"_self\">AUTOUR D&rsquo;UN VIDE UN ROND<\/a><\/h5><span class=\"project_category\"><\/span><\/div><\/div><span class='feature_holder'><span class=\"feature_holder_icons\"><a class='preview qbutton small white' href='https:\/\/www.mariefrancecournoyer.com\/?portfolio_page=autour-dun-vide-un-rond' target='_self'>voir le projet<\/a><\/span><\/span><\/span><\/span><\/span><\/div><\/article>\n<article class='mix '><div class='image_holder'><a class='portfolio_link_for_touch' href='https:\/\/www.mariefrancecournoyer.com\/?portfolio_page=birthday-to-you' target='_self'><span class='image'><img loading=\"lazy\" decoding=\"async\" width=\"351\" height=\"351\" src=\"https:\/\/www.mariefrancecournoyer.com\/wp-content\/uploads\/2014\/10\/BIRTH_miniature.jpg\" class=\"attachment-full size-full wp-post-image\" alt=\"\" srcset=\"https:\/\/www.mariefrancecournoyer.com\/wp-content\/uploads\/2014\/10\/BIRTH_miniature.jpg 351w, https:\/\/www.mariefrancecournoyer.com\/wp-content\/uploads\/2014\/10\/BIRTH_miniature-150x150.jpg 150w, https:\/\/www.mariefrancecournoyer.com\/wp-content\/uploads\/2014\/10\/BIRTH_miniature-300x300.jpg 300w\" sizes=\"auto, (max-width: 351px) 100vw, 351px\" \/><\/span><\/a><span class='text_holder'><span class='text_outer'><span class='text_inner'><div class=\"hover_feature_holder_title\"><div class=\"hover_feature_holder_title_inner\"><h5 class=\"portfolio_title\"><a href=\"https:\/\/www.mariefrancecournoyer.com\/?portfolio_page=birthday-to-you\" target=\"_self\">BIRTHDAY TO YOU<\/a><\/h5><span class=\"project_category\"><\/span><\/div><\/div><span class='feature_holder'><span class=\"feature_holder_icons\"><a class='preview qbutton small white' href='https:\/\/www.mariefrancecournoyer.com\/?portfolio_page=birthday-to-you' target='_self'>voir le projet<\/a><\/span><\/span><\/span><\/span><\/span><\/div><\/article>\n<article class='mix '><div class='image_holder'><a class='portfolio_link_for_touch' href='https:\/\/www.mariefrancecournoyer.com\/?portfolio_page=trouble' target='_self'><span class='image'><img loading=\"lazy\" decoding=\"async\" width=\"351\" height=\"351\" src=\"https:\/\/www.mariefrancecournoyer.com\/wp-content\/uploads\/2014\/10\/TROUBL_miniature.jpg\" class=\"attachment-full size-full wp-post-image\" alt=\"\" srcset=\"https:\/\/www.mariefrancecournoyer.com\/wp-content\/uploads\/2014\/10\/TROUBL_miniature.jpg 351w, https:\/\/www.mariefrancecournoyer.com\/wp-content\/uploads\/2014\/10\/TROUBL_miniature-150x150.jpg 150w, https:\/\/www.mariefrancecournoyer.com\/wp-content\/uploads\/2014\/10\/TROUBL_miniature-300x300.jpg 300w\" sizes=\"auto, (max-width: 351px) 100vw, 351px\" \/><\/span><\/a><span class='text_holder'><span class='text_outer'><span class='text_inner'><div class=\"hover_feature_holder_title\"><div class=\"hover_feature_holder_title_inner\"><h5 class=\"portfolio_title\"><a href=\"https:\/\/www.mariefrancecournoyer.com\/?portfolio_page=trouble\" target=\"_self\">TROUBLE<\/a><\/h5><span class=\"project_category\"><\/span><\/div><\/div><span class='feature_holder'><span class=\"feature_holder_icons\"><a class='preview qbutton small white' href='https:\/\/www.mariefrancecournoyer.com\/?portfolio_page=trouble' target='_self'>voir le projet<\/a><\/span><\/span><\/span><\/span><\/span><\/div><\/article>\n<div class='filler'><\/div>\n<div class='filler'><\/div>\n<div class='filler'><\/div>\n<\/div><\/div>\n\t\t<\/div> \n\t<\/div> \n<\/div><\/div>\n","protected":false},"excerpt":{"rendered":"&nbsp; TROUBLE &nbsp; Pas blanc. 2004. Assemblage de tissus et de petits objets sur drap de lit d\u2019enfant.\u00a0165 X 110 cm. Pas blanc. 2004. Assembly of fabrics and small objects on a cotton fitted sheet. 64 X 43 in. &nbsp;...","protected":false},"author":1,"featured_media":0,"parent":0,"menu_order":0,"comment_status":"closed","ping_status":"open","template":"","meta":{"footnotes":""},"class_list":["post-16546","page","type-page","status-publish","hentry"],"_links":{"self":[{"href":"https:\/\/www.mariefrancecournoyer.com\/index.php?rest_route=\/wp\/v2\/pages\/16546","targetHints":{"allow":["GET"]}}],"collection":[{"href":"https:\/\/www.mariefrancecournoyer.com\/index.php?rest_route=\/wp\/v2\/pages"}],"about":[{"href":"https:\/\/www.mariefrancecournoyer.com\/index.php?rest_route=\/wp\/v2\/types\/page"}],"author":[{"embeddable":true,"href":"https:\/\/www.mariefrancecournoyer.com\/index.php?rest_route=\/wp\/v2\/users\/1"}],"replies":[{"embeddable":true,"href":"https:\/\/www.mariefrancecournoyer.com\/index.php?rest_route=%2Fwp%2Fv2%2Fcomments&post=16546"}],"version-history":[{"count":15,"href":"https:\/\/www.mariefrancecournoyer.com\/index.php?rest_route=\/wp\/v2\/pages\/16546\/revisions"}],"predecessor-version":[{"id":16761,"href":"https:\/\/www.mariefrancecournoyer.com\/index.php?rest_route=\/wp\/v2\/pages\/16546\/revisions\/16761"}],"wp:attachment":[{"href":"https:\/\/www.mariefrancecournoyer.com\/index.php?rest_route=%2Fwp%2Fv2%2Fmedia&parent=16546"}],"curies":[{"name":"wp","href":"https:\/\/api.w.org\/{rel}","templated":true}]}}